{"id":61,"date":"2022-10-30T17:03:52","date_gmt":"2022-10-30T17:03:52","guid":{"rendered":"https:\/\/with-mentor.click\/?page_id=61"},"modified":"2022-10-30T19:01:14","modified_gmt":"2022-10-30T19:01:14","slug":"with-mentor-es","status":"publish","type":"page","link":"https:\/\/with-mentor.click\/index.php\/with-mentor-es\/","title":{"rendered":"with mentor es"},"content":{"rendered":"\t\t<div data-elementor-type=\"wp-page\" data-elementor-id=\"61\" class=\"elementor elementor-61\">\n\t\t\t\t\t\t<section class=\"elementor-section elementor-top-section elementor-element elementor-element-a6b1c30 elementor-section-boxed elementor-section-height-default elementor-section-height-default\" data-id=\"a6b1c30\" data-element_type=\"section\">\n\t\t\t\t\t\t<div class=\"elementor-container elementor-column-gap-default\">\n\t\t\t\t\t<div class=\"elementor-column elementor-col-100 elementor-top-column elementor-element elementor-element-6696438\" data-id=\"6696438\" data-element_type=\"column\">\n\t\t\t<div class=\"elementor-widget-wrap elementor-element-populated\">\n\t\t\t\t\t\t<div class=\"elementor-element elementor-element-f6c93a4 elementor-widget elementor-widget-theme-site-logo\" data-id=\"f6c93a4\" data-element_type=\"widget\" data-widget_type=\"theme-site-logo.default\">\n\t\t\t\t<div class=\"elementor-widget-container\">\n\t\t\t\t\t \t\t\t\t<\/div>\n\t\t\t\t<\/div>\n\t\t\t\t\t<\/div>\n\t\t<\/div>\n\t\t\t\t\t<\/div>\n\t\t<\/section>\n\t\t\t\t<section class=\"elementor-section elementor-top-section elementor-element elementor-element-08ccef1 elementor-section-full_width elementor-section-height-default elementor-section-height-default\" data-id=\"08ccef1\" data-element_type=\"section\">\n\t\t\t\t\t\t<div class=\"elementor-container elementor-column-gap-default\">\n\t\t\t\t\t<div class=\"elementor-column elementor-col-100 elementor-top-column elementor-element elementor-element-1e865cf\" data-id=\"1e865cf\" data-element_type=\"column\">\n\t\t\t<div class=\"elementor-widget-wrap elementor-element-populated\">\n\t\t\t\t\t\t<div class=\"elementor-element elementor-element-5c39c17 elementor-widget elementor-widget-heading\" data-id=\"5c39c17\" data-element_type=\"widget\" data-widget_type=\"heading.default\">\n\t\t\t\t<div class=\"elementor-widget-container\">\n\t\t\t\t\t<h2 class=\"elementor-heading-title elementor-size-default\">El Camino para convertirse en un experto en Amazon<\/h2>\t\t\t\t<\/div>\n\t\t\t\t<\/div>\n\t\t\t\t<section class=\"elementor-section elementor-inner-section elementor-element elementor-element-a2052a8 elementor-section-full_width elementor-section-height-default elementor-section-height-default\" data-id=\"a2052a8\" data-element_type=\"section\">\n\t\t\t\t\t\t<div class=\"elementor-container elementor-column-gap-default\">\n\t\t\t\t\t<div class=\"elementor-column elementor-col-50 elementor-inner-column elementor-element elementor-element-e381e7b\" data-id=\"e381e7b\" data-element_type=\"column\">\n\t\t\t<div class=\"elementor-widget-wrap elementor-element-populated\">\n\t\t\t\t\t\t<div class=\"elementor-element elementor-element-f92fa96 elementor-widget elementor-widget-text-editor\" data-id=\"f92fa96\" data-element_type=\"widget\" data-widget_type=\"text-editor.default\">\n\t\t\t\t<div class=\"elementor-widget-container\">\n\t\t\t\t\t\t\t\t\t<table width=\"623\"><tbody><tr><td width=\"312\"><p>\u00a0<\/p><p>\u00a1\u00a1\u00a1AHORA!!! 50 becas completas + 3 meses de pr\u00e1ctica con un instructor personal.<\/p><p>Cada graduado tendr\u00e1 la oportunidad de unirse a nuestro fondo de ensue\u00f1o Nostro.<\/p><p>Requisitos previos necesarios para la beca:<\/p><p>Ser mayor de 20 a\u00f1os<\/p><p>Una fuerte ambici\u00f3n de triunfar<\/p><p>Capacidad de dedicar 3 horas a la semana a la formaci\u00f3n.\u00a0\u00a0\u00a0\u00a0\u00a0\u00a0\u00a0\u00a0\u00a0\u00a0\u00a0\u00a0<\/p><p>\u00a0<\/p><\/td><\/tr><\/tbody><\/table>\t\t\t\t\t\t\t\t<\/div>\n\t\t\t\t<\/div>\n\t\t\t\t<div class=\"elementor-element elementor-element-28d44cf elementor-widget elementor-widget-form\" data-id=\"28d44cf\" data-element_type=\"widget\" data-widget_type=\"form.default\">\n\t\t\t\t<div class=\"elementor-widget-container\">\n\t\t\t\t\t \t\t\t\t<\/div>\n\t\t\t\t<\/div>\n\t\t\t\t\t<\/div>\n\t\t<\/div>\n\t\t\t\t<div class=\"elementor-column elementor-col-50 elementor-inner-column elementor-element elementor-element-120ec93\" data-id=\"120ec93\" data-element_type=\"column\" data-settings=\"{&quot;background_background&quot;:&quot;classic&quot;}\">\n\t\t\t<div class=\"elementor-widget-wrap\">\n\t\t\t\t\t\t\t<\/div>\n\t\t<\/div>\n\t\t\t\t\t<\/div>\n\t\t<\/section>\n\t\t\t\t<div class=\"elementor-element elementor-element-39b6c7e elementor-widget elementor-widget-html\" data-id=\"39b6c7e\" data-element_type=\"widget\" data-widget_type=\"html.default\">\n\t\t\t\t<div class=\"elementor-widget-container\">\n\t\t\t\t\t<a href=\"https:\/\/with-mentor.click\/index.php\/privacy-policy-2\/\">privacy-policy<\/a>\t\t\t\t<\/div>\n\t\t\t\t<\/div>\n\t\t\t\t\t<\/div>\n\t\t<\/div>\n\t\t\t\t\t<\/div>\n\t\t<\/section>\n\t\t\t\t<\/div>\n\t\t","protected":false},"excerpt":{"rendered":"<p>El Camino para convertirse en un experto en Amazon \u00a0 \u00a1\u00a1\u00a1AHORA!!! 50 becas completas + 3 meses de pr\u00e1ctica con un instructor personal. Cada graduado tendr\u00e1 la oportunidad de unirse a nuestro fondo de ensue\u00f1o Nostro. Requisitos previos necesarios para la beca: Ser mayor de 20 a\u00f1os Una fuerte ambici\u00f3n de triunfar Capacidad de dedicar [&hellip;]<\/p>\n","protected":false},"author":1,"featured_media":0,"parent":0,"menu_order":0,"comment_status":"closed","ping_status":"closed","template":"elementor_canvas","meta":{"footnotes":""},"class_list":["post-61","page","type-page","status-publish","hentry"],"_links":{"self":[{"href":"https:\/\/with-mentor.click\/index.php\/wp-json\/wp\/v2\/pages\/61","targetHints":{"allow":["GET"]}}],"collection":[{"href":"https:\/\/with-mentor.click\/index.php\/wp-json\/wp\/v2\/pages"}],"about":[{"href":"https:\/\/with-mentor.click\/index.php\/wp-json\/wp\/v2\/types\/page"}],"author":[{"embeddable":true,"href":"https:\/\/with-mentor.click\/index.php\/wp-json\/wp\/v2\/users\/1"}],"replies":[{"embeddable":true,"href":"https:\/\/with-mentor.click\/index.php\/wp-json\/wp\/v2\/comments?post=61"}],"version-history":[{"count":16,"href":"https:\/\/with-mentor.click\/index.php\/wp-json\/wp\/v2\/pages\/61\/revisions"}],"predecessor-version":[{"id":89,"href":"https:\/\/with-mentor.click\/index.php\/wp-json\/wp\/v2\/pages\/61\/revisions\/89"}],"wp:attachment":[{"href":"https:\/\/with-mentor.click\/index.php\/wp-json\/wp\/v2\/media?parent=61"}],"curies":[{"name":"wp","href":"https:\/\/api.w.org\/{rel}","templated":true}]}}