{"id":203,"date":"2023-03-13T20:25:06","date_gmt":"2023-03-13T20:25:06","guid":{"rendered":"https:\/\/with-mentor.click\/?page_id=203"},"modified":"2023-03-13T20:25:40","modified_gmt":"2023-03-13T20:25:40","slug":"lp_es","status":"publish","type":"page","link":"https:\/\/with-mentor.click\/index.php\/lp_es\/","title":{"rendered":"lp_es"},"content":{"rendered":"\t\t<div data-elementor-type=\"wp-page\" data-elementor-id=\"203\" class=\"elementor elementor-203\">\n\t\t\t\t\t\t<section class=\"elementor-section elementor-top-section elementor-element elementor-element-7364834 elementor-section-full_width elementor-section-stretched elementor-section-height-default elementor-section-height-default\" data-id=\"7364834\" data-element_type=\"section\" data-settings=\"{&quot;stretch_section&quot;:&quot;section-stretched&quot;,&quot;background_background&quot;:&quot;classic&quot;}\">\n\t\t\t\t\t\t<div class=\"elementor-container elementor-column-gap-default\">\n\t\t\t\t\t<div class=\"elementor-column elementor-col-100 elementor-top-column elementor-element elementor-element-6a7f723\" data-id=\"6a7f723\" data-element_type=\"column\">\n\t\t\t<div class=\"elementor-widget-wrap elementor-element-populated\">\n\t\t\t\t\t\t<section class=\"elementor-section elementor-inner-section elementor-element elementor-element-12b018d elementor-section-full_width elementor-section-height-default elementor-section-height-default\" data-id=\"12b018d\" data-element_type=\"section\">\n\t\t\t\t\t\t<div class=\"elementor-container elementor-column-gap-default\">\n\t\t\t\t\t<div class=\"elementor-column elementor-col-50 elementor-inner-column elementor-element elementor-element-006795f\" data-id=\"006795f\" data-element_type=\"column\">\n\t\t\t<div class=\"elementor-widget-wrap elementor-element-populated\">\n\t\t\t\t\t\t<div class=\"elementor-element elementor-element-96cad5e elementor-widget elementor-widget-heading\" data-id=\"96cad5e\" data-element_type=\"widget\" data-widget_type=\"heading.default\">\n\t\t\t\t<div class=\"elementor-widget-container\">\n\t\t\t\t\t<h2 class=\"elementor-heading-title elementor-size-default\">Aprende c\u00f3mo convertirte en un experto en comercio electr\u00f3nico.<\/h2>\t\t\t\t<\/div>\n\t\t\t\t<\/div>\n\t\t\t\t<div class=\"elementor-element elementor-element-6444a69 elementor-widget elementor-widget-form\" data-id=\"6444a69\" data-element_type=\"widget\" data-widget_type=\"form.default\">\n\t\t\t\t<div class=\"elementor-widget-container\">\n\t\t\t\t\t \t\t\t\t<\/div>\n\t\t\t\t<\/div>\n\t\t\t\t\t<\/div>\n\t\t<\/div>\n\t\t\t\t<div class=\"elementor-column elementor-col-50 elementor-inner-column elementor-element elementor-element-fda05a0\" data-id=\"fda05a0\" data-element_type=\"column\">\n\t\t\t<div class=\"elementor-widget-wrap elementor-element-populated\">\n\t\t\t\t\t\t<div class=\"elementor-element elementor-element-d6a9f8e elementor-widget elementor-widget-image\" data-id=\"d6a9f8e\" data-element_type=\"widget\" data-widget_type=\"image.default\">\n\t\t\t\t<div class=\"elementor-widget-container\">\n\t\t\t\t\t\t\t\t\t\t\t\t\t\t\t<img fetchpriority=\"high\" decoding=\"async\" width=\"580\" height=\"464\" src=\"https:\/\/with-mentor.click\/wp-content\/uploads\/2022\/10\/ES-1024x819.png\" class=\"attachment-large size-large wp-image-67\" alt=\"\" srcset=\"https:\/\/with-mentor.click\/wp-content\/uploads\/2022\/10\/ES-1024x819.png 1024w, https:\/\/with-mentor.click\/wp-content\/uploads\/2022\/10\/ES-300x240.png 300w, https:\/\/with-mentor.click\/wp-content\/uploads\/2022\/10\/ES-768x614.png 768w, https:\/\/with-mentor.click\/wp-content\/uploads\/2022\/10\/ES.png 1060w\" sizes=\"(max-width: 580px) 100vw, 580px\" \/>\t\t\t\t\t\t\t\t\t\t\t\t\t\t\t<\/div>\n\t\t\t\t<\/div>\n\t\t\t\t<div class=\"elementor-element elementor-element-42f8f69 elementor-widget elementor-widget-text-editor\" data-id=\"42f8f69\" data-element_type=\"widget\" data-widget_type=\"text-editor.default\">\n\t\t\t\t<div class=\"elementor-widget-container\">\n\t\t\t\t\t\t\t\t\t<div class=\"ud-block-list-item udlite-block-list-item ud-block-list-item-small udlite-block-list-item-small ud-block-list-item-tight udlite-block-list-item-tight ud-block-list-item-neutral udlite-block-list-item-neutral ud-text-sm udlite-text-sm\" data-purpose=\"objective\"><div class=\"ud-block-list-item-content udlite-block-list-item-content\"><p>Transforma tu vida convirti\u00e9ndote en un maestro del comercio electr\u00f3nico con nuestro programa de tutor\u00eda.<br \/>50 becas completamente cubiertas y 3 meses de apoyo de tutor\u00eda profesional.<br \/>Requisitos de elegibilidad para la beca:<br \/>*\u00a0 Ser mayor de 20 a\u00f1os<br \/>*\u00a0 Una fuerte ambici\u00f3n de triunfar<br \/>*\u00a0 Capacidad de dedicar 3 horas a la semana a la formaci\u00f3n.\u00a0\u00a0\u00a0\u00a0<\/p><\/div><\/div>\t\t\t\t\t\t\t\t<\/div>\n\t\t\t\t<\/div>\n\t\t\t\t\t<\/div>\n\t\t<\/div>\n\t\t\t\t\t<\/div>\n\t\t<\/section>\n\t\t\t\t\t<\/div>\n\t\t<\/div>\n\t\t\t\t\t<\/div>\n\t\t<\/section>\n\t\t\t\t<\/div>\n\t\t","protected":false},"excerpt":{"rendered":"<p>Aprende c\u00f3mo convertirte en un experto en comercio electr\u00f3nico. Transforma tu vida convirti\u00e9ndote en un maestro del comercio electr\u00f3nico con nuestro programa de tutor\u00eda.50 becas completamente cubiertas y 3 meses de apoyo de tutor\u00eda profesional.Requisitos de elegibilidad para la beca:*\u00a0 Ser mayor de 20 a\u00f1os*\u00a0 Una fuerte ambici\u00f3n de triunfar*\u00a0 Capacidad de dedicar 3 horas [&hellip;]<\/p>\n","protected":false},"author":1,"featured_media":0,"parent":0,"menu_order":0,"comment_status":"closed","ping_status":"closed","template":"elementor_header_footer","meta":{"footnotes":""},"class_list":["post-203","page","type-page","status-publish","hentry"],"_links":{"self":[{"href":"https:\/\/with-mentor.click\/index.php\/wp-json\/wp\/v2\/pages\/203","targetHints":{"allow":["GET"]}}],"collection":[{"href":"https:\/\/with-mentor.click\/index.php\/wp-json\/wp\/v2\/pages"}],"about":[{"href":"https:\/\/with-mentor.click\/index.php\/wp-json\/wp\/v2\/types\/page"}],"author":[{"embeddable":true,"href":"https:\/\/with-mentor.click\/index.php\/wp-json\/wp\/v2\/users\/1"}],"replies":[{"embeddable":true,"href":"https:\/\/with-mentor.click\/index.php\/wp-json\/wp\/v2\/comments?post=203"}],"version-history":[{"count":3,"href":"https:\/\/with-mentor.click\/index.php\/wp-json\/wp\/v2\/pages\/203\/revisions"}],"predecessor-version":[{"id":206,"href":"https:\/\/with-mentor.click\/index.php\/wp-json\/wp\/v2\/pages\/203\/revisions\/206"}],"wp:attachment":[{"href":"https:\/\/with-mentor.click\/index.php\/wp-json\/wp\/v2\/media?parent=203"}],"curies":[{"name":"wp","href":"https:\/\/api.w.org\/{rel}","templated":true}]}}